{"id":9517,"date":"2023-03-01T00:12:53","date_gmt":"2023-03-01T00:12:53","guid":{"rendered":"https:\/\/3090e246090b3f07cf6f3460bc31bd73.wpxtemp.com\/formacao-tecnica-de-produtos\/"},"modified":"2023-08-09T00:18:20","modified_gmt":"2023-08-09T00:18:20","slug":"formacao-tecnica-de-produtos","status":"publish","type":"page","link":"https:\/\/hanwhavisionlatam.com\/pt-br\/formacao-tecnica-de-produtos\/","title":{"rendered":"Forma\u00e7\u00e3o t\u00e9cnica de produtos"},"content":{"rendered":"<div class=\"wpb-content-wrapper\"><p>[vc_row full_width=&#8221;stretch_row_content_no_spaces&#8221; content_placement=&#8221;top&#8221; el_id=&#8221;tituloconimagendefondoybuscar&#8221; css=&#8221;.vc_custom_1676474684336{margin-bottom: 0px !important;border-bottom-width: 0px !important;padding-bottom: 0px !important;background-image: url(https:\/\/hanwhavisionlatam.com\/wp-content\/uploads\/2023\/02\/banner-recursos.jpg?id=5443) !important;background-position: center !important;background-repeat: no-repeat !important;background-size: cover !important;}&#8221;][vc_column width=&#8221;2\/3&#8243;][vc_column_text]<\/p>\n<h1>Forma\u00e7\u00e3o t\u00e9cnica de produtos<\/h1>\n<p>[\/vc_column_text][\/vc_column][vc_column width=&#8221;1\/3&#8243;][\/vc_column][\/vc_row][vc_row css_animation=&#8221;bottom-to-top&#8221; el_id=&#8221;contenidotoolsoporte&#8221; css=&#8221;.vc_custom_1675869451792{margin-right: 4% !important;margin-left: 4% !important;}&#8221;][vc_column][vc_column_text el_class=&#8221;titulosecundarioh2&#8243;]<\/p>\n<h2 style=\"text-align: left;\"><strong>Pr\u00f3ximas forma\u00e7\u00f5es t\u00e9cnicas sobre produtos<\/strong><\/h2>\n<p>[\/vc_column_text][vc_column_text]<\/p>\n<div class=\"fl-module-content fl-node-content\">\n<div class=\"link-row-module wd--auto\">\n<div class=\"link-row-module__content wd--12 al--default\">\n<div class=\"link-row-module__headline-container\">\n<h4 class=\"content-block fs--m fs--override link-row-module__headline\"><strong>Data<\/strong><\/h4>\n<\/div>\n<div class=\"link-row-module__rows-container\">\n<div class=\"link-row-module__row\">\n<div class=\"link-row-module__row-text\">\n<div class=\"content-block link-row-module__row-headline-content\">\n<p class=\"p1\">21-06-2023<\/p>\n<\/div>\n<\/div>\n<div class=\"link-row-module__row-headline\">\n<div class=\"content-block link-row-module__row-headline-content\">\n<p class=\"p1\">Forma\u00e7\u00e3o t\u00e9cnica de produtos<\/p>\n<\/div>\n<\/div>\n<div class=\"link-row-module__row-button\">\n<div class=\"link-row-module__button hanwha-button hanwha-button--download \"><a class=\"\" href=\"https:\/\/bit.ly\/3Wk7U7F\" target=\"_blank\" rel=\"noopener\">  Registe-se  <\/a><\/div>\n<\/div>\n<\/div>\n<div class=\"link-row-module__row\">\n<div class=\"link-row-module__row-text\">\n<div class=\"content-block link-row-module__row-headline-content\">\n<p class=\"p1\">17-05-2023<\/p>\n<\/div>\n<\/div>\n<div class=\"link-row-module__row-headline\">\n<div class=\"content-block link-row-module__row-headline-content\">\n<p class=\"p1\">Forma\u00e7\u00e3o t\u00e9cnica de produtos<\/p>\n<\/div>\n<\/div>\n<div class=\"link-row-module__row-button\">\n<div class=\"link-row-module__button hanwha-button hanwha-button--download \"><a class=\"\" href=\"https:\/\/bit.ly\/3Wk7U7F\" target=\"_blank\" rel=\"noopener\">  Registe-se  <\/a><\/div>\n<\/div>\n<\/div>\n<div class=\"link-row-module__row\">\n<div class=\"link-row-module__row-text\">\n<div class=\"content-block link-row-module__row-headline-content\">\n<p class=\"p1\">05-04-2023<\/p>\n<\/div>\n<\/div>\n<div class=\"link-row-module__row-headline\">\n<div class=\"content-block link-row-module__row-headline-content\">\n<p class=\"p1\">Forma\u00e7\u00e3o t\u00e9cnica de produtos<\/p>\n<\/div>\n<\/div>\n<div class=\"link-row-module__row-button\">\n<div class=\"link-row-module__button hanwha-button hanwha-button--download \"><a class=\"\" href=\"https:\/\/bit.ly\/3Wk7U7F\" target=\"_blank\" rel=\"noopener\">  Registe-se  <\/a><\/div>\n<\/div>\n<\/div>\n<div class=\"link-row-module__row\">\n<div class=\"link-row-module__row-text\">\n<div class=\"content-block link-row-module__row-headline-content\">\n<p class=\"p1\">15-03-2023<\/p>\n<\/div>\n<\/div>\n<div class=\"link-row-module__row-headline\">\n<div class=\"content-block link-row-module__row-headline-content\">\n<p class=\"p1\">Forma\u00e7\u00e3o t\u00e9cnica de produtos<\/p>\n<\/div>\n<\/div>\n<div class=\"link-row-module__row-button\">\n<div class=\"link-row-module__button hanwha-button hanwha-button--download \"><a class=\"\" href=\"https:\/\/bit.ly\/3Wk7U7F\" target=\"_blank\" rel=\"noopener\">  Registe-se  <\/a><\/div>\n<\/div>\n<\/div>\n<div class=\"link-row-module__row\">\n<div class=\"link-row-module__row-text\">\n<div class=\"content-block link-row-module__row-headline-content\">\n<p class=\"p1\">15-02-2023<\/p>\n<\/div>\n<\/div>\n<div class=\"link-row-module__row-headline\">\n<div class=\"content-block link-row-module__row-headline-content\">\n<p class=\"p1\">Forma\u00e7\u00e3o t\u00e9cnica de produtos<\/p>\n<\/div>\n<\/div>\n<div class=\"link-row-module__row-button\">\n<div class=\"link-row-module__button hanwha-button hanwha-button--download \"><a class=\"\" href=\"https:\/\/bit.ly\/3Wk7U7F\" target=\"_blank\" rel=\"noopener\">  Registe-se  <\/a><\/div>\n<\/div>\n<\/div>\n<div class=\"link-row-module__row\">\n<div class=\"link-row-module__row-text\">\n<div class=\"content-block link-row-module__row-headline-content\">\n<p class=\"p1\">18-01-2023<\/p>\n<\/div>\n<\/div>\n<div class=\"link-row-module__row-headline\">\n<div class=\"content-block link-row-module__row-headline-content\">\n<p class=\"p1\">Forma\u00e7\u00e3o t\u00e9cnica de produtos<\/p>\n<\/div>\n<\/div>\n<div class=\"link-row-module__row-button\">\n<div class=\"link-row-module__button hanwha-button hanwha-button--download \"><a class=\"\" href=\"https:\/\/bit.ly\/3Wk7U7F\" target=\"_blank\" rel=\"noopener\">  Registe-se  <\/a><\/div>\n<\/div>\n<\/div>\n<\/div>\n<\/div>\n<\/div>\n<\/div>\n<p>[\/vc_column_text][vc_empty_space height=&#8221;20px&#8221;][vc_empty_space height=&#8221;20px&#8221;][\/vc_column][\/vc_row]<\/p>\n<\/div>","protected":false},"excerpt":{"rendered":"<p>[vc_row full_width=&#8221;stretch_row_content_no_spaces&#8221; content_placement=&#8221;top&#8221; el_id=&#8221;tituloconimagendefondoybuscar&#8221; css=&#8221;.vc_custom_1676474684336{margin-bottom: 0px !important;border-bottom-width: 0px !important;padding-bottom: 0px !important;background-image: url(https:\/\/hanwhavisionlatam.com\/wp-content\/uploads\/2023\/02\/banner-recursos.jpg?id=5443) !important;background-position: center !important;background-repeat: no-repeat !important;background-size: cover !important;}&#8221;][vc_column width=&#8221;2\/3&#8243;][vc_column_text] Forma\u00e7\u00e3o t\u00e9cnica de produtos [\/vc_column_text][\/vc_column][vc_column width=&#8221;1\/3&#8243;][\/vc_column][\/vc_row][vc_row css_animation=&#8221;bottom-to-top&#8221; el_id=&#8221;contenidotoolsoporte&#8221; css=&#8221;.vc_custom_1675869451792{margin-right: 4% !important;margin-left: 4% !important;}&#8221;][vc_column][vc_column_text el_class=&#8221;titulosecundarioh2&#8243;] Pr\u00f3ximas forma\u00e7\u00f5es t\u00e9cnicas sobre produtos [\/vc_column_text][vc_column_text] Data 21-06-2023 Forma\u00e7\u00e3o t\u00e9cnica de produtos Registe-se 17-05-2023 Forma\u00e7\u00e3o t\u00e9cnica de produtos Registe-se 05-04-2023 Forma\u00e7\u00e3o [&hellip;]<\/p>\n","protected":false},"author":1,"featured_media":0,"parent":0,"menu_order":0,"comment_status":"closed","ping_status":"closed","template":"","meta":{"content-type":"","footnotes":""},"class_list":["post-9517","page","type-page","status-publish","hentry"],"yoast_head":"<!-- This site is optimized with the Yoast SEO Premium plugin v24.0 (Yoast SEO v26.7) - https:\/\/yoast.com\/wordpress\/plugins\/seo\/ -->\n<title>Forma\u00e7\u00e3o t\u00e9cnica de produtos | Hanwha Vision Latam<\/title>\n<meta name=\"robots\" content=\"index, follow, max-snippet:-1, max-image-preview:large, max-video-preview:-1\" \/>\n<link rel=\"canonical\" href=\"https:\/\/hanwhavisionlatam.com\/pt-br\/formacao-tecnica-de-produtos\/\" \/>\n<meta property=\"og:locale\" content=\"pt_BR\" \/>\n<meta property=\"og:type\" content=\"article\" \/>\n<meta property=\"og:title\" content=\"Forma\u00e7\u00e3o t\u00e9cnica de produtos\" \/>\n<meta property=\"og:description\" content=\"[vc_row full_width=&#8221;stretch_row_content_no_spaces&#8221; content_placement=&#8221;top&#8221; el_id=&#8221;tituloconimagendefondoybuscar&#8221; css=&#8221;.vc_custom_1676474684336{margin-bottom: 0px !important;border-bottom-width: 0px !important;padding-bottom: 0px !important;background-image: url(https:\/\/hanwhavisionlatam.com\/wp-content\/uploads\/2023\/02\/banner-recursos.jpg?id=5443) !important;background-position: center !important;background-repeat: no-repeat !important;background-size: cover !important;}&#8221;][vc_column width=&#8221;2\/3&#8243;][vc_column_text] Forma\u00e7\u00e3o t\u00e9cnica de produtos [\/vc_column_text][\/vc_column][vc_column width=&#8221;1\/3&#8243;][\/vc_column][\/vc_row][vc_row css_animation=&#8221;bottom-to-top&#8221; el_id=&#8221;contenidotoolsoporte&#8221; css=&#8221;.vc_custom_1675869451792{margin-right: 4% !important;margin-left: 4% !important;}&#8221;][vc_column][vc_column_text el_class=&#8221;titulosecundarioh2&#8243;] Pr\u00f3ximas forma\u00e7\u00f5es t\u00e9cnicas sobre produtos [\/vc_column_text][vc_column_text] Data 21-06-2023 Forma\u00e7\u00e3o t\u00e9cnica de produtos Registe-se 17-05-2023 Forma\u00e7\u00e3o t\u00e9cnica de produtos Registe-se 05-04-2023 Forma\u00e7\u00e3o [&hellip;]\" \/>\n<meta property=\"og:url\" content=\"https:\/\/hanwhavisionlatam.com\/pt-br\/formacao-tecnica-de-produtos\/\" \/>\n<meta property=\"og:site_name\" content=\"Hanwha Vision Latam\" \/>\n<meta property=\"article:publisher\" content=\"https:\/\/www.facebook.com\/HanwhaVisionLatam\" \/>\n<meta property=\"article:modified_time\" content=\"2023-08-09T00:18:20+00:00\" \/>\n<meta property=\"og:image\" content=\"https:\/\/hanwhavisionlatam.com\/wp-content\/uploads\/2023\/08\/hanwha-seo.png\" \/>\n\t<meta property=\"og:image:width\" content=\"1200\" \/>\n\t<meta property=\"og:image:height\" content=\"675\" \/>\n\t<meta property=\"og:image:type\" content=\"image\/png\" \/>\n<meta name=\"twitter:card\" content=\"summary_large_image\" \/>\n<meta name=\"twitter:label1\" content=\"Est. tempo de leitura\" \/>\n\t<meta name=\"twitter:data1\" content=\"1 minuto\" \/>\n<script type=\"application\/ld+json\" class=\"yoast-schema-graph\">{\"@context\":\"https:\/\/schema.org\",\"@graph\":[{\"@type\":\"WebPage\",\"@id\":\"https:\/\/hanwhavisionlatam.com\/pt-br\/formacao-tecnica-de-produtos\/\",\"url\":\"https:\/\/hanwhavisionlatam.com\/pt-br\/formacao-tecnica-de-produtos\/\",\"name\":\"Forma\u00e7\u00e3o t\u00e9cnica de produtos | Hanwha Vision Latam\",\"isPartOf\":{\"@id\":\"https:\/\/hanwhavisionlatam.com\/pt-br\/#website\"},\"datePublished\":\"2023-03-01T00:12:53+00:00\",\"dateModified\":\"2023-08-09T00:18:20+00:00\",\"breadcrumb\":{\"@id\":\"https:\/\/hanwhavisionlatam.com\/pt-br\/formacao-tecnica-de-produtos\/#breadcrumb\"},\"inLanguage\":\"pt-BR\",\"potentialAction\":[{\"@type\":\"ReadAction\",\"target\":[\"https:\/\/hanwhavisionlatam.com\/pt-br\/formacao-tecnica-de-produtos\/\"]}]},{\"@type\":\"BreadcrumbList\",\"@id\":\"https:\/\/hanwhavisionlatam.com\/pt-br\/formacao-tecnica-de-produtos\/#breadcrumb\",\"itemListElement\":[{\"@type\":\"ListItem\",\"position\":1,\"name\":\"Portada\",\"item\":\"https:\/\/hanwhavisionlatam.com\/pt-br\/\"},{\"@type\":\"ListItem\",\"position\":2,\"name\":\"Forma\u00e7\u00e3o t\u00e9cnica de produtos\"}]},{\"@type\":\"WebSite\",\"@id\":\"https:\/\/hanwhavisionlatam.com\/pt-br\/#website\",\"url\":\"https:\/\/hanwhavisionlatam.com\/pt-br\/\",\"name\":\"Hanwha Vision Latam\",\"description\":\"L\u00ednea completa de c\u00e1maras de seguridad y soluciones de videovigilancia.\",\"publisher\":{\"@id\":\"https:\/\/hanwhavisionlatam.com\/pt-br\/#organization\"},\"alternateName\":\"Hanwha Vision LA\",\"potentialAction\":[{\"@type\":\"SearchAction\",\"target\":{\"@type\":\"EntryPoint\",\"urlTemplate\":\"https:\/\/hanwhavisionlatam.com\/pt-br\/?s={search_term_string}\"},\"query-input\":{\"@type\":\"PropertyValueSpecification\",\"valueRequired\":true,\"valueName\":\"search_term_string\"}}],\"inLanguage\":\"pt-BR\"},{\"@type\":\"Organization\",\"@id\":\"https:\/\/hanwhavisionlatam.com\/pt-br\/#organization\",\"name\":\"Hanwha Vision Latam\",\"alternateName\":\"Hanwha Vision LA\",\"url\":\"https:\/\/hanwhavisionlatam.com\/pt-br\/\",\"logo\":{\"@type\":\"ImageObject\",\"inLanguage\":\"pt-BR\",\"@id\":\"https:\/\/hanwhavisionlatam.com\/pt-br\/#\/schema\/logo\/image\/\",\"url\":\"https:\/\/hanwhavisionlatam.com\/wp-content\/uploads\/2023\/08\/hanwha-seo2.png\",\"contentUrl\":\"https:\/\/hanwhavisionlatam.com\/wp-content\/uploads\/2023\/08\/hanwha-seo2.png\",\"width\":800,\"height\":800,\"caption\":\"Hanwha Vision Latam\"},\"image\":{\"@id\":\"https:\/\/hanwhavisionlatam.com\/pt-br\/#\/schema\/logo\/image\/\"},\"sameAs\":[\"https:\/\/www.facebook.com\/HanwhaVisionLatam\",\"https:\/\/youtube.com\/@HanwhaVisionLatinAmerica\",\"https:\/\/www.linkedin.com\/company\/hanwha-vision-latam\/\",\"https:\/\/www.instagram.com\/hanwhavisionlatam\/\"],\"description\":\"Hanwha Vision Latam es l\u00edder mundial en soluciones de seguridad, ofreciendo tecnolog\u00edas de videovigilancia avanzadas. Desde 1990, nos especializamos en dise\u00f1o, fabricaci\u00f3n y procesamiento de im\u00e1genes \u00f3pticas, brindando productos de alta calidad que integran Inteligencia Artificial para an\u00e1lisis de video inteligente. Con sede en Corea del Sur y presencia en Am\u00e9rica, Europa, Oriente Medio y Asia, proporcionamos sistemas confiables y robustos, dise\u00f1ados para operar en diversas condiciones clim\u00e1ticas y cumplir con los est\u00e1ndares internacionales m\u00e1s exigentes. Hanwha Vision Latam est\u00e1 comprometida con la innovaci\u00f3n continua y el apoyo integral a nuestros clientes a nivel global.\"}]}<\/script>\n<!-- \/ Yoast SEO Premium plugin. -->","yoast_head_json":{"title":"Forma\u00e7\u00e3o t\u00e9cnica de produtos | Hanwha Vision Latam","robots":{"index":"index","follow":"follow","max-snippet":"max-snippet:-1","max-image-preview":"max-image-preview:large","max-video-preview":"max-video-preview:-1"},"canonical":"https:\/\/hanwhavisionlatam.com\/pt-br\/formacao-tecnica-de-produtos\/","og_locale":"pt_BR","og_type":"article","og_title":"Forma\u00e7\u00e3o t\u00e9cnica de produtos","og_description":"[vc_row full_width=&#8221;stretch_row_content_no_spaces&#8221; content_placement=&#8221;top&#8221; el_id=&#8221;tituloconimagendefondoybuscar&#8221; css=&#8221;.vc_custom_1676474684336{margin-bottom: 0px !important;border-bottom-width: 0px !important;padding-bottom: 0px !important;background-image: url(https:\/\/hanwhavisionlatam.com\/wp-content\/uploads\/2023\/02\/banner-recursos.jpg?id=5443) !important;background-position: center !important;background-repeat: no-repeat !important;background-size: cover !important;}&#8221;][vc_column width=&#8221;2\/3&#8243;][vc_column_text] Forma\u00e7\u00e3o t\u00e9cnica de produtos [\/vc_column_text][\/vc_column][vc_column width=&#8221;1\/3&#8243;][\/vc_column][\/vc_row][vc_row css_animation=&#8221;bottom-to-top&#8221; el_id=&#8221;contenidotoolsoporte&#8221; css=&#8221;.vc_custom_1675869451792{margin-right: 4% !important;margin-left: 4% !important;}&#8221;][vc_column][vc_column_text el_class=&#8221;titulosecundarioh2&#8243;] Pr\u00f3ximas forma\u00e7\u00f5es t\u00e9cnicas sobre produtos [\/vc_column_text][vc_column_text] Data 21-06-2023 Forma\u00e7\u00e3o t\u00e9cnica de produtos Registe-se 17-05-2023 Forma\u00e7\u00e3o t\u00e9cnica de produtos Registe-se 05-04-2023 Forma\u00e7\u00e3o [&hellip;]","og_url":"https:\/\/hanwhavisionlatam.com\/pt-br\/formacao-tecnica-de-produtos\/","og_site_name":"Hanwha Vision Latam","article_publisher":"https:\/\/www.facebook.com\/HanwhaVisionLatam","article_modified_time":"2023-08-09T00:18:20+00:00","og_image":[{"width":1200,"height":675,"url":"https:\/\/hanwhavisionlatam.com\/wp-content\/uploads\/2023\/08\/hanwha-seo.png","type":"image\/png"}],"twitter_card":"summary_large_image","twitter_misc":{"Est. tempo de leitura":"1 minuto"},"schema":{"@context":"https:\/\/schema.org","@graph":[{"@type":"WebPage","@id":"https:\/\/hanwhavisionlatam.com\/pt-br\/formacao-tecnica-de-produtos\/","url":"https:\/\/hanwhavisionlatam.com\/pt-br\/formacao-tecnica-de-produtos\/","name":"Forma\u00e7\u00e3o t\u00e9cnica de produtos | Hanwha Vision Latam","isPartOf":{"@id":"https:\/\/hanwhavisionlatam.com\/pt-br\/#website"},"datePublished":"2023-03-01T00:12:53+00:00","dateModified":"2023-08-09T00:18:20+00:00","breadcrumb":{"@id":"https:\/\/hanwhavisionlatam.com\/pt-br\/formacao-tecnica-de-produtos\/#breadcrumb"},"inLanguage":"pt-BR","potentialAction":[{"@type":"ReadAction","target":["https:\/\/hanwhavisionlatam.com\/pt-br\/formacao-tecnica-de-produtos\/"]}]},{"@type":"BreadcrumbList","@id":"https:\/\/hanwhavisionlatam.com\/pt-br\/formacao-tecnica-de-produtos\/#breadcrumb","itemListElement":[{"@type":"ListItem","position":1,"name":"Portada","item":"https:\/\/hanwhavisionlatam.com\/pt-br\/"},{"@type":"ListItem","position":2,"name":"Forma\u00e7\u00e3o t\u00e9cnica de produtos"}]},{"@type":"WebSite","@id":"https:\/\/hanwhavisionlatam.com\/pt-br\/#website","url":"https:\/\/hanwhavisionlatam.com\/pt-br\/","name":"Hanwha Vision Latam","description":"L\u00ednea completa de c\u00e1maras de seguridad y soluciones de videovigilancia.","publisher":{"@id":"https:\/\/hanwhavisionlatam.com\/pt-br\/#organization"},"alternateName":"Hanwha Vision LA","potentialAction":[{"@type":"SearchAction","target":{"@type":"EntryPoint","urlTemplate":"https:\/\/hanwhavisionlatam.com\/pt-br\/?s={search_term_string}"},"query-input":{"@type":"PropertyValueSpecification","valueRequired":true,"valueName":"search_term_string"}}],"inLanguage":"pt-BR"},{"@type":"Organization","@id":"https:\/\/hanwhavisionlatam.com\/pt-br\/#organization","name":"Hanwha Vision Latam","alternateName":"Hanwha Vision LA","url":"https:\/\/hanwhavisionlatam.com\/pt-br\/","logo":{"@type":"ImageObject","inLanguage":"pt-BR","@id":"https:\/\/hanwhavisionlatam.com\/pt-br\/#\/schema\/logo\/image\/","url":"https:\/\/hanwhavisionlatam.com\/wp-content\/uploads\/2023\/08\/hanwha-seo2.png","contentUrl":"https:\/\/hanwhavisionlatam.com\/wp-content\/uploads\/2023\/08\/hanwha-seo2.png","width":800,"height":800,"caption":"Hanwha Vision Latam"},"image":{"@id":"https:\/\/hanwhavisionlatam.com\/pt-br\/#\/schema\/logo\/image\/"},"sameAs":["https:\/\/www.facebook.com\/HanwhaVisionLatam","https:\/\/youtube.com\/@HanwhaVisionLatinAmerica","https:\/\/www.linkedin.com\/company\/hanwha-vision-latam\/","https:\/\/www.instagram.com\/hanwhavisionlatam\/"],"description":"Hanwha Vision Latam es l\u00edder mundial en soluciones de seguridad, ofreciendo tecnolog\u00edas de videovigilancia avanzadas. Desde 1990, nos especializamos en dise\u00f1o, fabricaci\u00f3n y procesamiento de im\u00e1genes \u00f3pticas, brindando productos de alta calidad que integran Inteligencia Artificial para an\u00e1lisis de video inteligente. Con sede en Corea del Sur y presencia en Am\u00e9rica, Europa, Oriente Medio y Asia, proporcionamos sistemas confiables y robustos, dise\u00f1ados para operar en diversas condiciones clim\u00e1ticas y cumplir con los est\u00e1ndares internacionales m\u00e1s exigentes. Hanwha Vision Latam est\u00e1 comprometida con la innovaci\u00f3n continua y el apoyo integral a nuestros clientes a nivel global."}]}},"_links":{"self":[{"href":"https:\/\/hanwhavisionlatam.com\/pt-br\/wp-json\/wp\/v2\/pages\/9517","targetHints":{"allow":["GET"]}}],"collection":[{"href":"https:\/\/hanwhavisionlatam.com\/pt-br\/wp-json\/wp\/v2\/pages"}],"about":[{"href":"https:\/\/hanwhavisionlatam.com\/pt-br\/wp-json\/wp\/v2\/types\/page"}],"author":[{"embeddable":true,"href":"https:\/\/hanwhavisionlatam.com\/pt-br\/wp-json\/wp\/v2\/users\/1"}],"replies":[{"embeddable":true,"href":"https:\/\/hanwhavisionlatam.com\/pt-br\/wp-json\/wp\/v2\/comments?post=9517"}],"version-history":[{"count":2,"href":"https:\/\/hanwhavisionlatam.com\/pt-br\/wp-json\/wp\/v2\/pages\/9517\/revisions"}],"predecessor-version":[{"id":9519,"href":"https:\/\/hanwhavisionlatam.com\/pt-br\/wp-json\/wp\/v2\/pages\/9517\/revisions\/9519"}],"wp:attachment":[{"href":"https:\/\/hanwhavisionlatam.com\/pt-br\/wp-json\/wp\/v2\/media?parent=9517"}],"curies":[{"name":"wp","href":"https:\/\/api.w.org\/{rel}","templated":true}]}}