{"id":654,"date":"2022-11-30T22:32:35","date_gmt":"2022-11-30T22:32:35","guid":{"rendered":"https:\/\/3090e246090b3f07cf6f3460bc31bd73.wpxtemp.com\/portugues-brasil-produtos\/"},"modified":"2022-12-26T22:35:15","modified_gmt":"2022-12-26T22:35:15","slug":"produtos","status":"publish","type":"page","link":"https:\/\/hanwhavisionlatam.com\/pt-br\/produtos\/","title":{"rendered":"Portugu\u00e9s (Brasil) Produtos"},"content":{"rendered":"<div class=\"wpb-content-wrapper\"><p>[vc_row][vc_column][vc_column_text]<div class=\"aws-container\" data-url=\"\/pt-br\/?wc-ajax=aws_action\" data-siteurl=\"https:\/\/hanwhavisionlatam.com\/pt-br\/\" data-lang=\"pt-br\" data-show-loader=\"true\" data-show-more=\"true\" data-show-page=\"true\" data-ajax-search=\"true\" data-show-clear=\"true\" data-mobile-screen=\"false\" data-use-analytics=\"false\" data-min-chars=\"1\" data-buttons-order=\"2\" data-timeout=\"300\" data-is-mobile=\"false\" data-page-id=\"0\" data-tax=\"\" ><form class=\"aws-search-form\" action=\"https:\/\/hanwhavisionlatam.com\/pt-br\/\" method=\"get\" role=\"search\" ><div class=\"aws-wrapper\"><label class=\"aws-search-label\" for=\"69e1ed389b267\">Ingrese palabra clave<\/label><input type=\"search\" name=\"s\" id=\"69e1ed389b267\" value=\"\" class=\"aws-search-field\" placeholder=\"Ingrese palabra clave\" autocomplete=\"off\" \/><input type=\"hidden\" name=\"post_type\" value=\"product\"><input type=\"hidden\" name=\"type_aws\" value=\"true\"><input type=\"hidden\" name=\"lang\" value=\"pt-br\"><div class=\"aws-search-clear\"><span>\u00d7<\/span><\/div><div class=\"aws-loader\"><\/div><\/div><div class=\"aws-search-btn aws-form-btn\"><span class=\"aws-search-btn_icon\"><svg focusable=\"false\" xmlns=\"http:\/\/www.w3.org\/2000\/svg\" viewBox=\"0 0 24 24\" width=\"24px\"><path d=\"M15.5 14h-.79l-.28-.27C15.41 12.59 16 11.11 16 9.5 16 5.91 13.09 3 9.5 3S3 5.91 3 9.5 5.91 16 9.5 16c1.61 0 3.09-.59 4.23-1.57l.27.28v.79l5 4.99L20.49 19l-4.99-5zm-6 0C7.01 14 5 11.99 5 9.5S7.01 5 9.5 5 14 7.01 14 9.5 11.99 14 9.5 14z\"><\/path><\/svg><\/span><\/div><\/form><\/div>[\/vc_column_text][\/vc_column][\/vc_row]<\/p>\n<\/div>","protected":false},"excerpt":{"rendered":"<p>[vc_row][vc_column][vc_column_text][\/vc_column_text][\/vc_column][\/vc_row]<\/p>\n","protected":false},"author":1,"featured_media":0,"parent":0,"menu_order":0,"comment_status":"closed","ping_status":"closed","template":"","meta":{"content-type":"","footnotes":""},"class_list":["post-654","page","type-page","status-publish","hentry"],"yoast_head":"<!-- This site is optimized with the Yoast SEO Premium plugin v24.0 (Yoast SEO v26.7) - https:\/\/yoast.com\/wordpress\/plugins\/seo\/ -->\n<title>Portugu\u00e9s (Brasil) Produtos | Hanwha Vision Latam<\/title>\n<meta name=\"robots\" content=\"index, follow, max-snippet:-1, max-image-preview:large, max-video-preview:-1\" \/>\n<link rel=\"canonical\" href=\"https:\/\/hanwhavisionlatam.com\/pt-br\/produtos\/\" \/>\n<meta property=\"og:locale\" content=\"pt_BR\" \/>\n<meta property=\"og:type\" content=\"article\" \/>\n<meta property=\"og:title\" content=\"Portugu\u00e9s (Brasil) Produtos\" \/>\n<meta property=\"og:description\" content=\"[vc_row][vc_column][vc_column_text][\/vc_column_text][\/vc_column][\/vc_row]\" \/>\n<meta property=\"og:url\" content=\"https:\/\/hanwhavisionlatam.com\/pt-br\/produtos\/\" \/>\n<meta property=\"og:site_name\" content=\"Hanwha Vision Latam\" \/>\n<meta property=\"article:publisher\" content=\"https:\/\/www.facebook.com\/HanwhaVisionLatam\" \/>\n<meta property=\"article:modified_time\" content=\"2022-12-26T22:35:15+00:00\" \/>\n<meta property=\"og:image\" content=\"https:\/\/hanwhavisionlatam.com\/wp-content\/uploads\/2023\/08\/hanwha-seo.png\" \/>\n\t<meta property=\"og:image:width\" content=\"1200\" \/>\n\t<meta property=\"og:image:height\" content=\"675\" \/>\n\t<meta property=\"og:image:type\" content=\"image\/png\" \/>\n<meta name=\"twitter:card\" content=\"summary_large_image\" \/>\n<script type=\"application\/ld+json\" class=\"yoast-schema-graph\">{\"@context\":\"https:\/\/schema.org\",\"@graph\":[{\"@type\":\"WebPage\",\"@id\":\"https:\/\/hanwhavisionlatam.com\/pt-br\/produtos\/\",\"url\":\"https:\/\/hanwhavisionlatam.com\/pt-br\/produtos\/\",\"name\":\"Portugu\u00e9s (Brasil) Produtos | Hanwha Vision Latam\",\"isPartOf\":{\"@id\":\"https:\/\/hanwhavisionlatam.com\/pt-br\/#website\"},\"datePublished\":\"2022-11-30T22:32:35+00:00\",\"dateModified\":\"2022-12-26T22:35:15+00:00\",\"breadcrumb\":{\"@id\":\"https:\/\/hanwhavisionlatam.com\/pt-br\/produtos\/#breadcrumb\"},\"inLanguage\":\"pt-BR\",\"potentialAction\":[{\"@type\":\"ReadAction\",\"target\":[\"https:\/\/hanwhavisionlatam.com\/pt-br\/produtos\/\"]}]},{\"@type\":\"BreadcrumbList\",\"@id\":\"https:\/\/hanwhavisionlatam.com\/pt-br\/produtos\/#breadcrumb\",\"itemListElement\":[{\"@type\":\"ListItem\",\"position\":1,\"name\":\"Portada\",\"item\":\"https:\/\/hanwhavisionlatam.com\/pt-br\/\"},{\"@type\":\"ListItem\",\"position\":2,\"name\":\"Portugu\u00e9s (Brasil) Produtos\"}]},{\"@type\":\"WebSite\",\"@id\":\"https:\/\/hanwhavisionlatam.com\/pt-br\/#website\",\"url\":\"https:\/\/hanwhavisionlatam.com\/pt-br\/\",\"name\":\"Hanwha Vision Latam\",\"description\":\"L\u00ednea completa de c\u00e1maras de seguridad y soluciones de videovigilancia.\",\"publisher\":{\"@id\":\"https:\/\/hanwhavisionlatam.com\/pt-br\/#organization\"},\"alternateName\":\"Hanwha Vision LA\",\"potentialAction\":[{\"@type\":\"SearchAction\",\"target\":{\"@type\":\"EntryPoint\",\"urlTemplate\":\"https:\/\/hanwhavisionlatam.com\/pt-br\/?s={search_term_string}\"},\"query-input\":{\"@type\":\"PropertyValueSpecification\",\"valueRequired\":true,\"valueName\":\"search_term_string\"}}],\"inLanguage\":\"pt-BR\"},{\"@type\":\"Organization\",\"@id\":\"https:\/\/hanwhavisionlatam.com\/pt-br\/#organization\",\"name\":\"Hanwha Vision Latam\",\"alternateName\":\"Hanwha Vision LA\",\"url\":\"https:\/\/hanwhavisionlatam.com\/pt-br\/\",\"logo\":{\"@type\":\"ImageObject\",\"inLanguage\":\"pt-BR\",\"@id\":\"https:\/\/hanwhavisionlatam.com\/pt-br\/#\/schema\/logo\/image\/\",\"url\":\"https:\/\/hanwhavisionlatam.com\/wp-content\/uploads\/2023\/08\/hanwha-seo2.png\",\"contentUrl\":\"https:\/\/hanwhavisionlatam.com\/wp-content\/uploads\/2023\/08\/hanwha-seo2.png\",\"width\":800,\"height\":800,\"caption\":\"Hanwha Vision Latam\"},\"image\":{\"@id\":\"https:\/\/hanwhavisionlatam.com\/pt-br\/#\/schema\/logo\/image\/\"},\"sameAs\":[\"https:\/\/www.facebook.com\/HanwhaVisionLatam\",\"https:\/\/youtube.com\/@HanwhaVisionLatinAmerica\",\"https:\/\/www.linkedin.com\/company\/hanwha-vision-latam\/\",\"https:\/\/www.instagram.com\/hanwhavisionlatam\/\"],\"description\":\"Hanwha Vision Latam es l\u00edder mundial en soluciones de seguridad, ofreciendo tecnolog\u00edas de videovigilancia avanzadas. Desde 1990, nos especializamos en dise\u00f1o, fabricaci\u00f3n y procesamiento de im\u00e1genes \u00f3pticas, brindando productos de alta calidad que integran Inteligencia Artificial para an\u00e1lisis de video inteligente. Con sede en Corea del Sur y presencia en Am\u00e9rica, Europa, Oriente Medio y Asia, proporcionamos sistemas confiables y robustos, dise\u00f1ados para operar en diversas condiciones clim\u00e1ticas y cumplir con los est\u00e1ndares internacionales m\u00e1s exigentes. Hanwha Vision Latam est\u00e1 comprometida con la innovaci\u00f3n continua y el apoyo integral a nuestros clientes a nivel global.\"}]}<\/script>\n<!-- \/ Yoast SEO Premium plugin. -->","yoast_head_json":{"title":"Portugu\u00e9s (Brasil) Produtos | Hanwha Vision Latam","robots":{"index":"index","follow":"follow","max-snippet":"max-snippet:-1","max-image-preview":"max-image-preview:large","max-video-preview":"max-video-preview:-1"},"canonical":"https:\/\/hanwhavisionlatam.com\/pt-br\/produtos\/","og_locale":"pt_BR","og_type":"article","og_title":"Portugu\u00e9s (Brasil) Produtos","og_description":"[vc_row][vc_column][vc_column_text][\/vc_column_text][\/vc_column][\/vc_row]","og_url":"https:\/\/hanwhavisionlatam.com\/pt-br\/produtos\/","og_site_name":"Hanwha Vision Latam","article_publisher":"https:\/\/www.facebook.com\/HanwhaVisionLatam","article_modified_time":"2022-12-26T22:35:15+00:00","og_image":[{"width":1200,"height":675,"url":"https:\/\/hanwhavisionlatam.com\/wp-content\/uploads\/2023\/08\/hanwha-seo.png","type":"image\/png"}],"twitter_card":"summary_large_image","schema":{"@context":"https:\/\/schema.org","@graph":[{"@type":"WebPage","@id":"https:\/\/hanwhavisionlatam.com\/pt-br\/produtos\/","url":"https:\/\/hanwhavisionlatam.com\/pt-br\/produtos\/","name":"Portugu\u00e9s (Brasil) Produtos | Hanwha Vision Latam","isPartOf":{"@id":"https:\/\/hanwhavisionlatam.com\/pt-br\/#website"},"datePublished":"2022-11-30T22:32:35+00:00","dateModified":"2022-12-26T22:35:15+00:00","breadcrumb":{"@id":"https:\/\/hanwhavisionlatam.com\/pt-br\/produtos\/#breadcrumb"},"inLanguage":"pt-BR","potentialAction":[{"@type":"ReadAction","target":["https:\/\/hanwhavisionlatam.com\/pt-br\/produtos\/"]}]},{"@type":"BreadcrumbList","@id":"https:\/\/hanwhavisionlatam.com\/pt-br\/produtos\/#breadcrumb","itemListElement":[{"@type":"ListItem","position":1,"name":"Portada","item":"https:\/\/hanwhavisionlatam.com\/pt-br\/"},{"@type":"ListItem","position":2,"name":"Portugu\u00e9s (Brasil) Produtos"}]},{"@type":"WebSite","@id":"https:\/\/hanwhavisionlatam.com\/pt-br\/#website","url":"https:\/\/hanwhavisionlatam.com\/pt-br\/","name":"Hanwha Vision Latam","description":"L\u00ednea completa de c\u00e1maras de seguridad y soluciones de videovigilancia.","publisher":{"@id":"https:\/\/hanwhavisionlatam.com\/pt-br\/#organization"},"alternateName":"Hanwha Vision LA","potentialAction":[{"@type":"SearchAction","target":{"@type":"EntryPoint","urlTemplate":"https:\/\/hanwhavisionlatam.com\/pt-br\/?s={search_term_string}"},"query-input":{"@type":"PropertyValueSpecification","valueRequired":true,"valueName":"search_term_string"}}],"inLanguage":"pt-BR"},{"@type":"Organization","@id":"https:\/\/hanwhavisionlatam.com\/pt-br\/#organization","name":"Hanwha Vision Latam","alternateName":"Hanwha Vision LA","url":"https:\/\/hanwhavisionlatam.com\/pt-br\/","logo":{"@type":"ImageObject","inLanguage":"pt-BR","@id":"https:\/\/hanwhavisionlatam.com\/pt-br\/#\/schema\/logo\/image\/","url":"https:\/\/hanwhavisionlatam.com\/wp-content\/uploads\/2023\/08\/hanwha-seo2.png","contentUrl":"https:\/\/hanwhavisionlatam.com\/wp-content\/uploads\/2023\/08\/hanwha-seo2.png","width":800,"height":800,"caption":"Hanwha Vision Latam"},"image":{"@id":"https:\/\/hanwhavisionlatam.com\/pt-br\/#\/schema\/logo\/image\/"},"sameAs":["https:\/\/www.facebook.com\/HanwhaVisionLatam","https:\/\/youtube.com\/@HanwhaVisionLatinAmerica","https:\/\/www.linkedin.com\/company\/hanwha-vision-latam\/","https:\/\/www.instagram.com\/hanwhavisionlatam\/"],"description":"Hanwha Vision Latam es l\u00edder mundial en soluciones de seguridad, ofreciendo tecnolog\u00edas de videovigilancia avanzadas. Desde 1990, nos especializamos en dise\u00f1o, fabricaci\u00f3n y procesamiento de im\u00e1genes \u00f3pticas, brindando productos de alta calidad que integran Inteligencia Artificial para an\u00e1lisis de video inteligente. Con sede en Corea del Sur y presencia en Am\u00e9rica, Europa, Oriente Medio y Asia, proporcionamos sistemas confiables y robustos, dise\u00f1ados para operar en diversas condiciones clim\u00e1ticas y cumplir con los est\u00e1ndares internacionales m\u00e1s exigentes. Hanwha Vision Latam est\u00e1 comprometida con la innovaci\u00f3n continua y el apoyo integral a nuestros clientes a nivel global."}]}},"_links":{"self":[{"href":"https:\/\/hanwhavisionlatam.com\/pt-br\/wp-json\/wp\/v2\/pages\/654","targetHints":{"allow":["GET"]}}],"collection":[{"href":"https:\/\/hanwhavisionlatam.com\/pt-br\/wp-json\/wp\/v2\/pages"}],"about":[{"href":"https:\/\/hanwhavisionlatam.com\/pt-br\/wp-json\/wp\/v2\/types\/page"}],"author":[{"embeddable":true,"href":"https:\/\/hanwhavisionlatam.com\/pt-br\/wp-json\/wp\/v2\/users\/1"}],"replies":[{"embeddable":true,"href":"https:\/\/hanwhavisionlatam.com\/pt-br\/wp-json\/wp\/v2\/comments?post=654"}],"version-history":[{"count":1,"href":"https:\/\/hanwhavisionlatam.com\/pt-br\/wp-json\/wp\/v2\/pages\/654\/revisions"}],"predecessor-version":[{"id":655,"href":"https:\/\/hanwhavisionlatam.com\/pt-br\/wp-json\/wp\/v2\/pages\/654\/revisions\/655"}],"wp:attachment":[{"href":"https:\/\/hanwhavisionlatam.com\/pt-br\/wp-json\/wp\/v2\/media?parent=654"}],"curies":[{"name":"wp","href":"https:\/\/api.w.org\/{rel}","templated":true}]}}